{"id":243148,"date":"2023-09-21T13:51:35","date_gmt":"2023-09-21T12:51:35","guid":{"rendered":"https:\/\/tipmolde.pt\/?page_id=243148"},"modified":"2023-10-20T08:31:13","modified_gmt":"2023-10-20T07:31:13","slug":"243148-2","status":"publish","type":"page","link":"https:\/\/tipmolde.pt\/en\/243148-2\/","title":{"rendered":"Quality Policy"},"content":{"rendered":"<p>[et_pb_section fb_built=&#8221;1&#8243; _builder_version=&#8221;4.22.2&#8243; _module_preset=&#8221;default&#8221; background_image=&#8221;https:\/\/tipmolde.pt\/wp-content\/uploads\/2023\/09\/header_quality.jpg&#8221; custom_padding=&#8221;10vw||10vw||false|false&#8221; global_colors_info=&#8221;{}&#8221;][et_pb_row _builder_version=&#8221;4.22.2&#8243; _module_preset=&#8221;default&#8221; global_colors_info=&#8221;{}&#8221;][et_pb_column type=&#8221;4_4&#8243; _builder_version=&#8221;4.22.2&#8243; _module_preset=&#8221;default&#8221; global_colors_info=&#8221;{}&#8221;][et_pb_text _builder_version=&#8221;4.16&#8243; text_font=&#8221;||||||||&#8221; header_font=&#8221;Rubik|700|||||||&#8221; header_font_size=&#8221;64px&#8221; header_line_height=&#8221;1.1em&#8221; background_layout=&#8221;dark&#8221; max_width=&#8221;800px&#8221; custom_margin=&#8221;||0px|&#8221; custom_padding=&#8221;|||16px&#8221; text_font_size_tablet=&#8221;14px&#8221; text_font_size_last_edited=&#8221;off|desktop&#8221; header_font_size_tablet=&#8221;44px&#8221; header_font_size_phone=&#8221;32px&#8221; header_font_size_last_edited=&#8221;on|phone&#8221; border_color_all=&#8221;#ffb400&#8243; border_width_left=&#8221;10px&#8221; global_colors_info=&#8221;{}&#8221;]<\/p>\n<h1>Pol\u00edtica<\/h1>\n<h1>Qualidade<\/h1>\n<p>[\/et_pb_text][\/et_pb_column][\/et_pb_row][\/et_pb_section][et_pb_section fb_built=&#8221;1&#8243; _builder_version=&#8221;4.22.2&#8243; _module_preset=&#8221;default&#8221; global_colors_info=&#8221;{}&#8221;][et_pb_row _builder_version=&#8221;4.22.2&#8243; _module_preset=&#8221;default&#8221; global_colors_info=&#8221;{}&#8221;][et_pb_column type=&#8221;4_4&#8243; _builder_version=&#8221;4.22.2&#8243; _module_preset=&#8221;default&#8221; global_colors_info=&#8221;{}&#8221;][et_pb_text _builder_version=&#8221;4.16&#8243; text_font=&#8221;||||||||&#8221; header_font=&#8221;||||||||&#8221; header_2_font=&#8221;Rubik|700|||||||&#8221; header_2_font_size=&#8221;42px&#8221; header_2_line_height=&#8221;1.2em&#8221; text_orientation=&#8221;center&#8221; module_alignment=&#8221;center&#8221; custom_margin=&#8221;|||&#8221; custom_padding=&#8221;|||&#8221; header_2_font_size_tablet=&#8221;&#8221; header_2_font_size_phone=&#8221;36px&#8221; header_2_font_size_last_edited=&#8221;on|phone&#8221; locked=&#8221;off&#8221; global_colors_info=&#8221;{}&#8221;]<\/p>\n<h2>Pol\u00edtica Qualidade<\/h2>\n<p>[\/et_pb_text][et_pb_divider color=&#8221;#ffb400&#8243; divider_position=&#8221;center&#8221; divider_weight=&#8221;5px&#8221; _builder_version=&#8221;4.16&#8243; max_width=&#8221;50px&#8221; module_alignment=&#8221;center&#8221; locked=&#8221;off&#8221; global_colors_info=&#8221;{}&#8221;][\/et_pb_divider][\/et_pb_column][\/et_pb_row][et_pb_row _builder_version=&#8221;4.22.2&#8243; _module_preset=&#8221;default&#8221; global_colors_info=&#8221;{}&#8221;][et_pb_column type=&#8221;4_4&#8243; _builder_version=&#8221;4.22.2&#8243; _module_preset=&#8221;default&#8221; global_colors_info=&#8221;{}&#8221;][et_pb_text _builder_version=&#8221;4.22.2&#8243; _module_preset=&#8221;default&#8221; global_colors_info=&#8221;{}&#8221;]<\/p>\n<h1>Miss\u00e3o<\/h1>\n<p>Expandir os servi\u00e7os prestados atrav\u00e9s da melhoria cont\u00ednua, oferecendo aos nossos clientes solu\u00e7\u00f5es adequadas \u00e0s suas necessidades e expetativas.<br \/>Vis\u00e3o.<br \/>Ser uma empresa de refer\u00eancia a n\u00edvel nacional apresentando produtos\/servi\u00e7os de elevada qualidade, orientada para a satisfa\u00e7\u00e3o dos clientes e seriedade dos nossos profissionais.<\/p>\n<h1>Pol\u00edtica da Qualidade<\/h1>\n<p>A Tip Molde Lda., assume a qualidade como um fator chave de diferencia\u00e7\u00e3o para o seu neg\u00f3cio. Entendemos, por isso, que \u00e9 nosso dever assumir o compromisso de melhoria cont\u00ednua da qualidade dos nossos processos e servi\u00e7os, com o intuito de satisfazer em pleno as necessidades dos nossos clientes e alcan\u00e7ar os nossos objetivos. A estrat\u00e9gia de mercado da empresa est\u00e1 e estar\u00e1 sempre assente em valores como, responsabilidade, rigor, efic\u00e1cia, solidariedade e respeito pelos direitos humanos. Assim, a empresa assume como pol\u00edtica da qualidade:<\/p>\n<p>Rela\u00e7\u00e3o com o cliente e fornecedores Consolidar e aumentar o relacionamento com os clientes, fomentando uma estreita rela\u00e7\u00e3o com os fornecedores no sentido de assegurar a qualidade e a efic\u00e1cia dos produtos\/servi\u00e7os fornecidos. Pretende-se a satisfa\u00e7\u00e3o total das necessidades e expetativas dos Clientes, atendendo \u00e0s suas especifica\u00e7\u00f5es e requisitos.<\/p>\n<p>Envolver os colaboradores Facultar aos colaboradores a forma\u00e7\u00e3o necess\u00e1ria, para que no desenvolvimento das suas atividades, o fa\u00e7am com compet\u00eancia na procura de uma crescente motiva\u00e7\u00e3o para a organiza\u00e7\u00e3o interna do trabalho, orientada para o aumento da produtividade.<br \/>Proporcionar um ambiente de trabalho saud\u00e1vel e ben\u00e9fico para todos os colaboradores de modo a garantir a sua satisfa\u00e7\u00e3o.<br \/>Satisfa\u00e7\u00e3o dos clientes Obter a satisfa\u00e7\u00e3o total dos seus clientes, fornecendo os produtos\/servi\u00e7os solicitados segundo as suas especifica\u00e7\u00f5es e requisitos, tentando sempre exceder as suas expetativas, de acordo com os requisitos legais, normativos e regulamentares.<\/p>\n<p>Melhoria cont\u00ednua, Melhorar continuamente a qualidade dos nossos produtos\/servi\u00e7os, tratando eficientemente as poss\u00edveis reclama\u00e7\u00f5es e n\u00e3o conformidades, promovendo a efic\u00e1cia do Sistema de Gest\u00e3o da Qualidade, indo sempre de encontro \u00e0s exig\u00eancias do mercado atual, apostando no constante aperfei\u00e7oamento de m\u00e9todos e ferramentas de trabalho,<br \/>numa l\u00f3gica de pensamento baseado no risco.<\/p>\n<p>Vila Nova de Famalic\u00e3o, 26 Janeiro 2023<\/p>\n<p>A Administra\u00e7\u00e3o,<br \/>Ricardo Magalh\u00e3es<br \/>Paulo Fernandes<\/p>\n<p>[\/et_pb_text][et_pb_button button_url=&#8221;https:\/\/tipmolde.pt\/wp-content\/uploads\/2023\/10\/TIP-Molde-Politica-Qualidade.pdf&#8221; button_text=&#8221;politicaqualidade.pdf&#8221; _builder_version=&#8221;4.22.2&#8243; _module_preset=&#8221;default&#8221; hover_enabled=&#8221;0&#8243; global_colors_info=&#8221;{}&#8221; sticky_enabled=&#8221;0&#8243;][\/et_pb_button][\/et_pb_column][\/et_pb_row][\/et_pb_section]<\/p>\n","protected":false},"excerpt":{"rendered":"<p>To expand the services we provide through continuous improvement, offering our clients solutions tailored to their needs and expectations.<br \/>\nVision<\/p>","protected":false},"author":1,"featured_media":0,"parent":0,"menu_order":0,"comment_status":"closed","ping_status":"closed","template":"","meta":{"_et_pb_use_builder":"on","_et_pb_old_content":"","_et_gb_content_width":"","om_disable_all_campaigns":false,"_monsterinsights_skip_tracking":false,"_monsterinsights_sitenote_active":false,"_monsterinsights_sitenote_note":"","_monsterinsights_sitenote_category":0,"footnotes":""},"class_list":["post-243148","page","type-page","status-publish","hentry"],"aioseo_notices":[],"_links":{"self":[{"href":"https:\/\/tipmolde.pt\/en\/wp-json\/wp\/v2\/pages\/243148","targetHints":{"allow":["GET"]}}],"collection":[{"href":"https:\/\/tipmolde.pt\/en\/wp-json\/wp\/v2\/pages"}],"about":[{"href":"https:\/\/tipmolde.pt\/en\/wp-json\/wp\/v2\/types\/page"}],"author":[{"embeddable":true,"href":"https:\/\/tipmolde.pt\/en\/wp-json\/wp\/v2\/users\/1"}],"replies":[{"embeddable":true,"href":"https:\/\/tipmolde.pt\/en\/wp-json\/wp\/v2\/comments?post=243148"}],"version-history":[{"count":0,"href":"https:\/\/tipmolde.pt\/en\/wp-json\/wp\/v2\/pages\/243148\/revisions"}],"wp:attachment":[{"href":"https:\/\/tipmolde.pt\/en\/wp-json\/wp\/v2\/media?parent=243148"}],"curies":[{"name":"wp","href":"https:\/\/api.w.org\/{rel}","templated":true}]}}